{"id":7,"date":"2013-11-05T12:07:01","date_gmt":"2013-11-05T12:07:01","guid":{"rendered":"https:\/\/psychology-barcelona.com\/?page_id=7"},"modified":"2020-03-04T12:38:16","modified_gmt":"2020-03-04T11:38:16","slug":"%d0%b8%d0%bd%d0%b4%d0%b8%d0%b2%d0%b8%d0%b4%d1%83%d0%b0%d0%bb%d1%8c%d0%bd%d1%8b%d0%b5-%d0%ba%d0%be%d0%bd%d1%81%d1%83%d0%bb%d1%8c%d1%82%d0%b0%d1%86%d0%b8%d0%b8-%d0%b8-%d0%bf%d1%81%d0%b8%d1%85%d0%be","status":"publish","type":"page","link":"https:\/\/psychology-barcelona.com\/es\/%d0%b8%d0%bd%d0%b4%d0%b8%d0%b2%d0%b8%d0%b4%d1%83%d0%b0%d0%bb%d1%8c%d0%bd%d1%8b%d0%b5-%d0%ba%d0%be%d0%bd%d1%81%d1%83%d0%bb%d1%8c%d1%82%d0%b0%d1%86%d0%b8%d0%b8-%d0%b8-%d0%bf%d1%81%d0%b8%d1%85%d0%be\/","title":{"rendered":"Terapia individual"},"content":{"rendered":"<p style=\"text-align: center;\"><\/p>\n<h1><span style=\"color: #000000;\"><strong>Consulta psicol\u00f3gica y psicoterapia<\/strong><\/span><\/h1>\n<h2><img loading=\"lazy\" decoding=\"async\" class=\"wp-image-443 size-medium alignright\" src=\"https:\/\/psychology-barcelona.com\/wp-content\/uploads\/2013\/11\/DSC9729-Editar-300x200.jpg\" width=\"300\" height=\"200\" srcset=\"https:\/\/psychology-barcelona.com\/wp-content\/uploads\/2013\/11\/DSC9729-Editar-300x200.jpg 300w, https:\/\/psychology-barcelona.com\/wp-content\/uploads\/2013\/11\/DSC9729-Editar-768x513.jpg 768w, https:\/\/psychology-barcelona.com\/wp-content\/uploads\/2013\/11\/DSC9729-Editar-1024x683.jpg 1024w\" sizes=\"auto, (max-width: 300px) 100vw, 300px\" \/><\/h2>\n<p style=\"text-align: justify;\"><span style=\"color: #000000;\">Consulta y terapia individual son los tipos m\u00e1s comunes del trabajo con un psic\u00f3logo. Esta forma supone encuentros regulares, preferiblemente a la misma hora (habitualmente una o dos veces por semana). Los encuentros suceden en un espacio c\u00f3modo en el centro de Barcelona. El primer encuentro lo dedico normalmente a conocernos, determinar cual es la dificultad, pregunta o problema, plantear las tareas y el aproximado plan de trabajo. Depende del car\u00e1cter de las dificultades con las que se encuentra el cliente, el proceso puede ser m\u00e1s corto (8-10 encuentros) o m\u00e1s largo (hasta unos a\u00f1os). La decisi\u00f3n sobre la duraci\u00f3n siempre queda en el cliente.<\/span><\/p>\n<address>\u00a0<\/address>\n<p><span style=\"color: #000000;\">La terapia individual normalmente empieza con una conversaci\u00f3n pero en caso necesario puede incluir t\u00e9cnicas de movimiento, relajaci\u00f3n, arte etc. Ofrezco tambi\u00e9n la Danza Movimiento Terapia como un m\u00e9todo separado.<\/span><\/p>\n<p style=\"text-align: center;\"><img loading=\"lazy\" decoding=\"async\" class=\"aligncenter wp-image-485 size-medium\" src=\"https:\/\/psychology-barcelona.com\/wp-content\/uploads\/2013\/11\/fern-2332262_1920-300x190.jpg\" width=\"300\" height=\"190\" srcset=\"https:\/\/psychology-barcelona.com\/wp-content\/uploads\/2013\/11\/fern-2332262_1920-300x190.jpg 300w, https:\/\/psychology-barcelona.com\/wp-content\/uploads\/2013\/11\/fern-2332262_1920-768x487.jpg 768w, https:\/\/psychology-barcelona.com\/wp-content\/uploads\/2013\/11\/fern-2332262_1920-1024x650.jpg 1024w, https:\/\/psychology-barcelona.com\/wp-content\/uploads\/2013\/11\/fern-2332262_1920.jpg 1920w\" sizes=\"auto, (max-width: 300px) 100vw, 300px\" \/><\/p>\n<p style=\"text-align: center;\">Puede leer m\u00e1s sobre los enfoques que utilizo en mi trabajo aqu\u00ed:<\/p>\n<p style=\"text-align: center;\"><a href=\"http:\/\/www.icae.cl\/?page_id=228#que_es_el_analisis_existencial\" target=\"_blank\" rel=\"noopener noreferrer\">ANALISIS EXISTENCIAL<\/a><\/p>\n<p style=\"text-align: center;\"><a href=\"http:\/\/www.danzamovimientoterapia.com\/index.php\/sample-sites\/que-es-dmt\" target=\"_blank\" rel=\"noopener noreferrer\">DANZA MOVIMIENTO TERAPIA<\/a><\/p>\n<p style=\"text-align: center;\"><a href=\"https:\/\/www.youtube.com\/watch?v=vnY60xO8534\">EMDR<\/a><\/p>\n<p><\/p>","protected":false},"excerpt":{"rendered":"<p class=\"excerpt\">Consulta psicol\u00f3gica y psicoterapia Consulta y terapia individual son los tipos m\u00e1s comunes del trabajo con un psic\u00f3logo. Esta forma supone encuentros regulares, preferiblemente a la misma hora (habitualmente una o dos veces por semana). Los encuentros suceden en un espacio c\u00f3modo en el centro de Barcelona. El primer encuentro lo dedico normalmente a conocernos,&#8230; <a class=\"moretag\" href=\"https:\/\/psychology-barcelona.com\/es\/%d0%b8%d0%bd%d0%b4%d0%b8%d0%b2%d0%b8%d0%b4%d1%83%d0%b0%d0%bb%d1%8c%d0%bd%d1%8b%d0%b5-%d0%ba%d0%be%d0%bd%d1%81%d1%83%d0%bb%d1%8c%d1%82%d0%b0%d1%86%d0%b8%d0%b8-%d0%b8-%d0%bf%d1%81%d0%b8%d1%85%d0%be\/\"> <strong>Read More<\/strong><\/a><\/p>\n","protected":false},"author":1,"featured_media":0,"parent":0,"menu_order":0,"comment_status":"closed","ping_status":"closed","template":"","meta":{"footnotes":""},"class_list":["post-7","page","type-page","status-publish","hentry"],"yoast_head":"<!-- This site is optimized with the Yoast SEO plugin v27.4 - https:\/\/yoast.com\/product\/yoast-seo-wordpress\/ -->\n<title>Terapia individual - Psic\u00f3loga en Barcelona<\/title>\n<meta name=\"robots\" content=\"index, follow, max-snippet:-1, max-image-preview:large, max-video-preview:-1\" \/>\n<link rel=\"canonical\" href=\"https:\/\/psychology-barcelona.com\/en\/\u0438\u043d\u0434\u0438\u0432\u0438\u0434\u0443\u0430\u043b\u044c\u043d\u044b\u0435-\u043a\u043e\u043d\u0441\u0443\u043b\u044c\u0442\u0430\u0446\u0438\u0438-\u0438-\u043f\u0441\u0438\u0445\u043e\/\" \/>\n<meta property=\"og:locale\" content=\"es_ES\" \/>\n<meta property=\"og:type\" content=\"article\" \/>\n<meta property=\"og:title\" content=\"Terapia individual - Psic\u00f3loga en Barcelona\" \/>\n<meta property=\"og:description\" content=\"Consulta psicol\u00f3gica y psicoterapia Consulta y terapia individual son los tipos m\u00e1s comunes del trabajo con un psic\u00f3logo. Esta forma supone encuentros regulares, preferiblemente a la misma hora (habitualmente una o dos veces por semana). Los encuentros suceden en un espacio c\u00f3modo en el centro de Barcelona. El primer encuentro lo dedico normalmente a conocernos,... Read More\" \/>\n<meta property=\"og:url\" content=\"https:\/\/psychology-barcelona.com\/en\/\u0438\u043d\u0434\u0438\u0432\u0438\u0434\u0443\u0430\u043b\u044c\u043d\u044b\u0435-\u043a\u043e\u043d\u0441\u0443\u043b\u044c\u0442\u0430\u0446\u0438\u0438-\u0438-\u043f\u0441\u0438\u0445\u043e\/\" \/>\n<meta property=\"og:site_name\" content=\"Psic\u00f3loga en Barcelona\" \/>\n<meta property=\"article:modified_time\" content=\"2020-03-04T11:38:16+00:00\" \/>\n<meta property=\"og:image\" content=\"https:\/\/psychology-barcelona.com\/wp-content\/uploads\/2013\/11\/DSC9729-Editar-300x200.jpg\" \/>\n<meta name=\"twitter:card\" content=\"summary_large_image\" \/>\n<meta name=\"twitter:label1\" content=\"Tiempo de lectura\" \/>\n\t<meta name=\"twitter:data1\" content=\"2 minutos\" \/>\n<script type=\"application\/ld+json\" class=\"yoast-schema-graph\">{\"@context\":\"https:\\\/\\\/schema.org\",\"@graph\":[{\"@type\":\"WebPage\",\"@id\":\"https:\\\/\\\/psychology-barcelona.com\\\/en\\\/%d0%b8%d0%bd%d0%b4%d0%b8%d0%b2%d0%b8%d0%b4%d1%83%d0%b0%d0%bb%d1%8c%d0%bd%d1%8b%d0%b5-%d0%ba%d0%be%d0%bd%d1%81%d1%83%d0%bb%d1%8c%d1%82%d0%b0%d1%86%d0%b8%d0%b8-%d0%b8-%d0%bf%d1%81%d0%b8%d1%85%d0%be\\\/\",\"url\":\"https:\\\/\\\/psychology-barcelona.com\\\/en\\\/%d0%b8%d0%bd%d0%b4%d0%b8%d0%b2%d0%b8%d0%b4%d1%83%d0%b0%d0%bb%d1%8c%d0%bd%d1%8b%d0%b5-%d0%ba%d0%be%d0%bd%d1%81%d1%83%d0%bb%d1%8c%d1%82%d0%b0%d1%86%d0%b8%d0%b8-%d0%b8-%d0%bf%d1%81%d0%b8%d1%85%d0%be\\\/\",\"name\":\"Terapia individual - Psic\u00f3loga en Barcelona\",\"isPartOf\":{\"@id\":\"https:\\\/\\\/psychology-barcelona.com\\\/#website\"},\"primaryImageOfPage\":{\"@id\":\"https:\\\/\\\/psychology-barcelona.com\\\/en\\\/%d0%b8%d0%bd%d0%b4%d0%b8%d0%b2%d0%b8%d0%b4%d1%83%d0%b0%d0%bb%d1%8c%d0%bd%d1%8b%d0%b5-%d0%ba%d0%be%d0%bd%d1%81%d1%83%d0%bb%d1%8c%d1%82%d0%b0%d1%86%d0%b8%d0%b8-%d0%b8-%d0%bf%d1%81%d0%b8%d1%85%d0%be\\\/#primaryimage\"},\"image\":{\"@id\":\"https:\\\/\\\/psychology-barcelona.com\\\/en\\\/%d0%b8%d0%bd%d0%b4%d0%b8%d0%b2%d0%b8%d0%b4%d1%83%d0%b0%d0%bb%d1%8c%d0%bd%d1%8b%d0%b5-%d0%ba%d0%be%d0%bd%d1%81%d1%83%d0%bb%d1%8c%d1%82%d0%b0%d1%86%d0%b8%d0%b8-%d0%b8-%d0%bf%d1%81%d0%b8%d1%85%d0%be\\\/#primaryimage\"},\"thumbnailUrl\":\"https:\\\/\\\/psychology-barcelona.com\\\/wp-content\\\/uploads\\\/2013\\\/11\\\/DSC9729-Editar-300x200.jpg\",\"datePublished\":\"2013-11-05T12:07:01+00:00\",\"dateModified\":\"2020-03-04T11:38:16+00:00\",\"breadcrumb\":{\"@id\":\"https:\\\/\\\/psychology-barcelona.com\\\/en\\\/%d0%b8%d0%bd%d0%b4%d0%b8%d0%b2%d0%b8%d0%b4%d1%83%d0%b0%d0%bb%d1%8c%d0%bd%d1%8b%d0%b5-%d0%ba%d0%be%d0%bd%d1%81%d1%83%d0%bb%d1%8c%d1%82%d0%b0%d1%86%d0%b8%d0%b8-%d0%b8-%d0%bf%d1%81%d0%b8%d1%85%d0%be\\\/#breadcrumb\"},\"inLanguage\":\"es\",\"potentialAction\":[{\"@type\":\"ReadAction\",\"target\":[\"https:\\\/\\\/psychology-barcelona.com\\\/en\\\/%d0%b8%d0%bd%d0%b4%d0%b8%d0%b2%d0%b8%d0%b4%d1%83%d0%b0%d0%bb%d1%8c%d0%bd%d1%8b%d0%b5-%d0%ba%d0%be%d0%bd%d1%81%d1%83%d0%bb%d1%8c%d1%82%d0%b0%d1%86%d0%b8%d0%b8-%d0%b8-%d0%bf%d1%81%d0%b8%d1%85%d0%be\\\/\"]}]},{\"@type\":\"ImageObject\",\"inLanguage\":\"es\",\"@id\":\"https:\\\/\\\/psychology-barcelona.com\\\/en\\\/%d0%b8%d0%bd%d0%b4%d0%b8%d0%b2%d0%b8%d0%b4%d1%83%d0%b0%d0%bb%d1%8c%d0%bd%d1%8b%d0%b5-%d0%ba%d0%be%d0%bd%d1%81%d1%83%d0%bb%d1%8c%d1%82%d0%b0%d1%86%d0%b8%d0%b8-%d0%b8-%d0%bf%d1%81%d0%b8%d1%85%d0%be\\\/#primaryimage\",\"url\":\"https:\\\/\\\/psychology-barcelona.com\\\/wp-content\\\/uploads\\\/2013\\\/11\\\/DSC9729-Editar-300x200.jpg\",\"contentUrl\":\"https:\\\/\\\/psychology-barcelona.com\\\/wp-content\\\/uploads\\\/2013\\\/11\\\/DSC9729-Editar-300x200.jpg\"},{\"@type\":\"BreadcrumbList\",\"@id\":\"https:\\\/\\\/psychology-barcelona.com\\\/en\\\/%d0%b8%d0%bd%d0%b4%d0%b8%d0%b2%d0%b8%d0%b4%d1%83%d0%b0%d0%bb%d1%8c%d0%bd%d1%8b%d0%b5-%d0%ba%d0%be%d0%bd%d1%81%d1%83%d0%bb%d1%8c%d1%82%d0%b0%d1%86%d0%b8%d0%b8-%d0%b8-%d0%bf%d1%81%d0%b8%d1%85%d0%be\\\/#breadcrumb\",\"itemListElement\":[{\"@type\":\"ListItem\",\"position\":1,\"name\":\"Home\",\"item\":\"https:\\\/\\\/psychology-barcelona.com\\\/\"},{\"@type\":\"ListItem\",\"position\":2,\"name\":\"Individual counselling\"}]},{\"@type\":\"WebSite\",\"@id\":\"https:\\\/\\\/psychology-barcelona.com\\\/#website\",\"url\":\"https:\\\/\\\/psychology-barcelona.com\\\/\",\"name\":\"Psic\u00f3loga en Barcelona\",\"description\":\"Lisa Filippova\",\"potentialAction\":[{\"@type\":\"SearchAction\",\"target\":{\"@type\":\"EntryPoint\",\"urlTemplate\":\"https:\\\/\\\/psychology-barcelona.com\\\/?s={search_term_string}\"},\"query-input\":{\"@type\":\"PropertyValueSpecification\",\"valueRequired\":true,\"valueName\":\"search_term_string\"}}],\"inLanguage\":\"es\"}]}<\/script>\n<!-- \/ Yoast SEO plugin. -->","yoast_head_json":{"title":"Terapia individual - Psic\u00f3loga en Barcelona","robots":{"index":"index","follow":"follow","max-snippet":"max-snippet:-1","max-image-preview":"max-image-preview:large","max-video-preview":"max-video-preview:-1"},"canonical":"https:\/\/psychology-barcelona.com\/en\/\u0438\u043d\u0434\u0438\u0432\u0438\u0434\u0443\u0430\u043b\u044c\u043d\u044b\u0435-\u043a\u043e\u043d\u0441\u0443\u043b\u044c\u0442\u0430\u0446\u0438\u0438-\u0438-\u043f\u0441\u0438\u0445\u043e\/","og_locale":"es_ES","og_type":"article","og_title":"Terapia individual - Psic\u00f3loga en Barcelona","og_description":"Consulta psicol\u00f3gica y psicoterapia Consulta y terapia individual son los tipos m\u00e1s comunes del trabajo con un psic\u00f3logo. Esta forma supone encuentros regulares, preferiblemente a la misma hora (habitualmente una o dos veces por semana). Los encuentros suceden en un espacio c\u00f3modo en el centro de Barcelona. El primer encuentro lo dedico normalmente a conocernos,... Read More","og_url":"https:\/\/psychology-barcelona.com\/en\/\u0438\u043d\u0434\u0438\u0432\u0438\u0434\u0443\u0430\u043b\u044c\u043d\u044b\u0435-\u043a\u043e\u043d\u0441\u0443\u043b\u044c\u0442\u0430\u0446\u0438\u0438-\u0438-\u043f\u0441\u0438\u0445\u043e\/","og_site_name":"Psic\u00f3loga en Barcelona","article_modified_time":"2020-03-04T11:38:16+00:00","og_image":[{"url":"https:\/\/psychology-barcelona.com\/wp-content\/uploads\/2013\/11\/DSC9729-Editar-300x200.jpg","type":"","width":"","height":""}],"twitter_card":"summary_large_image","twitter_misc":{"Tiempo de lectura":"2 minutos"},"schema":{"@context":"https:\/\/schema.org","@graph":[{"@type":"WebPage","@id":"https:\/\/psychology-barcelona.com\/en\/%d0%b8%d0%bd%d0%b4%d0%b8%d0%b2%d0%b8%d0%b4%d1%83%d0%b0%d0%bb%d1%8c%d0%bd%d1%8b%d0%b5-%d0%ba%d0%be%d0%bd%d1%81%d1%83%d0%bb%d1%8c%d1%82%d0%b0%d1%86%d0%b8%d0%b8-%d0%b8-%d0%bf%d1%81%d0%b8%d1%85%d0%be\/","url":"https:\/\/psychology-barcelona.com\/en\/%d0%b8%d0%bd%d0%b4%d0%b8%d0%b2%d0%b8%d0%b4%d1%83%d0%b0%d0%bb%d1%8c%d0%bd%d1%8b%d0%b5-%d0%ba%d0%be%d0%bd%d1%81%d1%83%d0%bb%d1%8c%d1%82%d0%b0%d1%86%d0%b8%d0%b8-%d0%b8-%d0%bf%d1%81%d0%b8%d1%85%d0%be\/","name":"Terapia individual - Psic\u00f3loga en Barcelona","isPartOf":{"@id":"https:\/\/psychology-barcelona.com\/#website"},"primaryImageOfPage":{"@id":"https:\/\/psychology-barcelona.com\/en\/%d0%b8%d0%bd%d0%b4%d0%b8%d0%b2%d0%b8%d0%b4%d1%83%d0%b0%d0%bb%d1%8c%d0%bd%d1%8b%d0%b5-%d0%ba%d0%be%d0%bd%d1%81%d1%83%d0%bb%d1%8c%d1%82%d0%b0%d1%86%d0%b8%d0%b8-%d0%b8-%d0%bf%d1%81%d0%b8%d1%85%d0%be\/#primaryimage"},"image":{"@id":"https:\/\/psychology-barcelona.com\/en\/%d0%b8%d0%bd%d0%b4%d0%b8%d0%b2%d0%b8%d0%b4%d1%83%d0%b0%d0%bb%d1%8c%d0%bd%d1%8b%d0%b5-%d0%ba%d0%be%d0%bd%d1%81%d1%83%d0%bb%d1%8c%d1%82%d0%b0%d1%86%d0%b8%d0%b8-%d0%b8-%d0%bf%d1%81%d0%b8%d1%85%d0%be\/#primaryimage"},"thumbnailUrl":"https:\/\/psychology-barcelona.com\/wp-content\/uploads\/2013\/11\/DSC9729-Editar-300x200.jpg","datePublished":"2013-11-05T12:07:01+00:00","dateModified":"2020-03-04T11:38:16+00:00","breadcrumb":{"@id":"https:\/\/psychology-barcelona.com\/en\/%d0%b8%d0%bd%d0%b4%d0%b8%d0%b2%d0%b8%d0%b4%d1%83%d0%b0%d0%bb%d1%8c%d0%bd%d1%8b%d0%b5-%d0%ba%d0%be%d0%bd%d1%81%d1%83%d0%bb%d1%8c%d1%82%d0%b0%d1%86%d0%b8%d0%b8-%d0%b8-%d0%bf%d1%81%d0%b8%d1%85%d0%be\/#breadcrumb"},"inLanguage":"es","potentialAction":[{"@type":"ReadAction","target":["https:\/\/psychology-barcelona.com\/en\/%d0%b8%d0%bd%d0%b4%d0%b8%d0%b2%d0%b8%d0%b4%d1%83%d0%b0%d0%bb%d1%8c%d0%bd%d1%8b%d0%b5-%d0%ba%d0%be%d0%bd%d1%81%d1%83%d0%bb%d1%8c%d1%82%d0%b0%d1%86%d0%b8%d0%b8-%d0%b8-%d0%bf%d1%81%d0%b8%d1%85%d0%be\/"]}]},{"@type":"ImageObject","inLanguage":"es","@id":"https:\/\/psychology-barcelona.com\/en\/%d0%b8%d0%bd%d0%b4%d0%b8%d0%b2%d0%b8%d0%b4%d1%83%d0%b0%d0%bb%d1%8c%d0%bd%d1%8b%d0%b5-%d0%ba%d0%be%d0%bd%d1%81%d1%83%d0%bb%d1%8c%d1%82%d0%b0%d1%86%d0%b8%d0%b8-%d0%b8-%d0%bf%d1%81%d0%b8%d1%85%d0%be\/#primaryimage","url":"https:\/\/psychology-barcelona.com\/wp-content\/uploads\/2013\/11\/DSC9729-Editar-300x200.jpg","contentUrl":"https:\/\/psychology-barcelona.com\/wp-content\/uploads\/2013\/11\/DSC9729-Editar-300x200.jpg"},{"@type":"BreadcrumbList","@id":"https:\/\/psychology-barcelona.com\/en\/%d0%b8%d0%bd%d0%b4%d0%b8%d0%b2%d0%b8%d0%b4%d1%83%d0%b0%d0%bb%d1%8c%d0%bd%d1%8b%d0%b5-%d0%ba%d0%be%d0%bd%d1%81%d1%83%d0%bb%d1%8c%d1%82%d0%b0%d1%86%d0%b8%d0%b8-%d0%b8-%d0%bf%d1%81%d0%b8%d1%85%d0%be\/#breadcrumb","itemListElement":[{"@type":"ListItem","position":1,"name":"Home","item":"https:\/\/psychology-barcelona.com\/"},{"@type":"ListItem","position":2,"name":"Individual counselling"}]},{"@type":"WebSite","@id":"https:\/\/psychology-barcelona.com\/#website","url":"https:\/\/psychology-barcelona.com\/","name":"Psic\u00f3loga en Barcelona","description":"Lisa Filippova","potentialAction":[{"@type":"SearchAction","target":{"@type":"EntryPoint","urlTemplate":"https:\/\/psychology-barcelona.com\/?s={search_term_string}"},"query-input":{"@type":"PropertyValueSpecification","valueRequired":true,"valueName":"search_term_string"}}],"inLanguage":"es"}]}},"_links":{"self":[{"href":"https:\/\/psychology-barcelona.com\/es\/wp-json\/wp\/v2\/pages\/7","targetHints":{"allow":["GET"]}}],"collection":[{"href":"https:\/\/psychology-barcelona.com\/es\/wp-json\/wp\/v2\/pages"}],"about":[{"href":"https:\/\/psychology-barcelona.com\/es\/wp-json\/wp\/v2\/types\/page"}],"author":[{"embeddable":true,"href":"https:\/\/psychology-barcelona.com\/es\/wp-json\/wp\/v2\/users\/1"}],"replies":[{"embeddable":true,"href":"https:\/\/psychology-barcelona.com\/es\/wp-json\/wp\/v2\/comments?post=7"}],"version-history":[{"count":28,"href":"https:\/\/psychology-barcelona.com\/es\/wp-json\/wp\/v2\/pages\/7\/revisions"}],"predecessor-version":[{"id":613,"href":"https:\/\/psychology-barcelona.com\/es\/wp-json\/wp\/v2\/pages\/7\/revisions\/613"}],"wp:attachment":[{"href":"https:\/\/psychology-barcelona.com\/es\/wp-json\/wp\/v2\/media?parent=7"}],"curies":[{"name":"wp","href":"https:\/\/api.w.org\/{rel}","templated":true}]}}