{"id":27,"date":"2013-11-13T08:43:30","date_gmt":"2013-11-13T08:43:30","guid":{"rendered":"https:\/\/psychology-barcelona.com\/?page_id=27"},"modified":"2020-02-12T16:11:53","modified_gmt":"2020-02-12T15:11:53","slug":"about","status":"publish","type":"page","link":"https:\/\/psychology-barcelona.com\/es\/about\/","title":{"rendered":"Sobre mi"},"content":{"rendered":"<p><\/p>\n<h2><img loading=\"lazy\" decoding=\"async\" class=\"aligncenter wp-image-442 size-medium\" src=\"https:\/\/psychology-barcelona.com\/wp-content\/uploads\/2013\/11\/DSC9713-Editar-300x200.jpg\" width=\"300\" height=\"200\" srcset=\"https:\/\/psychology-barcelona.com\/wp-content\/uploads\/2013\/11\/DSC9713-Editar-300x200.jpg 300w, https:\/\/psychology-barcelona.com\/wp-content\/uploads\/2013\/11\/DSC9713-Editar-768x513.jpg 768w, https:\/\/psychology-barcelona.com\/wp-content\/uploads\/2013\/11\/DSC9713-Editar-1024x684.jpg 1024w\" sizes=\"auto, (max-width: 300px) 100vw, 300px\" \/><span style=\"color: #ff9900;\">Formaci\u00f3n<\/span><\/h2>\n<p style=\"text-align: justify;\">Me form\u00e9 como psic\u00f3loga cl\u00ednica en la Universidad Estatal de Mosc\u00fa. Me titul\u00e9 en \u201cConsulta psicol\u00f3gica: an\u00e1lisis existencial\u201d, tengo un certificado de la asociaci\u00f3n austriaca GLE-international. Hice un postgrado en Trabajo de Grupo en el Instituto de la Psicolog\u00eda Pr\u00e1ctica. Tengo un Master en Danza Movimiento Terapia de la UAB y el certificado de formaci\u00f3n en el m\u00e9todo EMDR. Aparte de las formaciones largas particip\u00e9 en muchos seminarios y talleres en t\u00e9cnicas de PNL, arteterapia, terapia corporal, trabajo con la voz y otros.<\/p>\n<h2><span style=\"color: #ff9900;\">Experiencia pr\u00e1ctica<\/span><\/h2>\n<p style=\"text-align: justify;\">Llevo 15 a\u00f1os trabajando en el mundo de la psicolog\u00eda. Los \u00faltimos 10 a\u00f1os mi inter\u00e9s principal ha estado en la psicoterapia y salud mental. Trabaj\u00e9 con ni\u00f1os y adultos, formaci\u00f3n de grupos y otros ambitos en Moscu, Nueva York y Barcelona. Aqu\u00ed aparte de la pr\u00e1ctica privada estuve en la Fundaci\u00f3n Vicki Bernadet y el Centro de D\u00eda Sant Andreu como Danza Movimiento Terapeuta en pr\u00e1cticas. Actualmente llevo pr\u00e1ctica privada en Barcelona.<\/p>\n<div>\n<h2><span style=\"color: #ff9900;\"><strong>Asociaciones profesionales<\/strong><\/span><\/h2>\n<p>Soy colegiada en el Col.legi Oficial de Psicologia de Catalunya, miembro de la Asociaci\u00f3n Espa\u00f1ola de Danza Movimiento Terapia y la Asociaci\u00f3n Espa\u00f1ola de EMDR, miembro de NEST (red de terapeutas ingles hablantes).<\/p>\n<div><\/div>\n<div>\n<h2><img loading=\"lazy\" decoding=\"async\" class=\"wp-image-469 size-medium alignright\" src=\"https:\/\/psychology-barcelona.com\/wp-content\/uploads\/2013\/11\/book-1421097_1920-300x201.jpg\" width=\"300\" height=\"201\" srcset=\"https:\/\/psychology-barcelona.com\/wp-content\/uploads\/2013\/11\/book-1421097_1920-300x201.jpg 300w, https:\/\/psychology-barcelona.com\/wp-content\/uploads\/2013\/11\/book-1421097_1920-768x514.jpg 768w, https:\/\/psychology-barcelona.com\/wp-content\/uploads\/2013\/11\/book-1421097_1920-1024x685.jpg 1024w, https:\/\/psychology-barcelona.com\/wp-content\/uploads\/2013\/11\/book-1421097_1920.jpg 1920w\" sizes=\"auto, (max-width: 300px) 100vw, 300px\" \/><span style=\"color: #33cccc;\">An\u00e1lisis Existencial<\/span><\/h2>\n<p style=\"text-align: justify;\">La base te\u00f3rica de mi trabajo es el An\u00e1lisis Existencial. Su idea principal consiste en que la persona puede alcanzar la plenitud de su experiencia vital estableciendo y mejorando la relaci\u00f3n y el dialogo con uno mismo y con el mundo. Eso obviamente no significa hablar con el espejo, sino saber escuchar la voz interior. Esta voz siempre est\u00e1 all\u00ed, pero a veces el ruido interior nos impide escucharla. La tarea del analista existencial consiste en ayudar a la persona escuchar a el o ella y al mundo alrededor para vivir con alegr\u00eda, plenitud, sentido y harmon\u00eda interior.<\/p>\n<p style=\"text-align: right;\">\n<\/div>\n<\/div>\n<div style=\"text-align: right;\">\n<h2><span style=\"color: #33cccc;\">Danza Movimiento Terapia<\/span><\/h2>\n<\/div>\n<p style=\"text-align: justify;\"><img loading=\"lazy\" decoding=\"async\" class=\"wp-image-472 size-medium alignleft\" src=\"https:\/\/psychology-barcelona.com\/wp-content\/uploads\/2013\/11\/fun-1564113_1920-300x216.jpg\" width=\"300\" height=\"216\" srcset=\"https:\/\/psychology-barcelona.com\/wp-content\/uploads\/2013\/11\/fun-1564113_1920-300x216.jpg 300w, https:\/\/psychology-barcelona.com\/wp-content\/uploads\/2013\/11\/fun-1564113_1920-768x553.jpg 768w, https:\/\/psychology-barcelona.com\/wp-content\/uploads\/2013\/11\/fun-1564113_1920-1024x738.jpg 1024w, https:\/\/psychology-barcelona.com\/wp-content\/uploads\/2013\/11\/fun-1564113_1920.jpg 1920w\" sizes=\"auto, (max-width: 300px) 100vw, 300px\" \/> La danza y la DMT aparecieron en mi vida m\u00e1s tarde. Mientras estaba aprendiendo el An\u00e1lisis Existencial, empec\u00e9 a sentir que a pesar de la riqueza y belleza de la teor\u00eda me falta el terreno corporal, la realidad tangible, de carne y huesos. La DMT ofrece la posibilidad de utilizar el cuerpo como instrumento de cambios ps\u00edquicos. Los danza movimiento terapeutas nos basamos en la idea de que todo est\u00e1 entrelazado en un ser humano: el cuerpo, la conciencia y el alma. Por eso influyendo a uno, podemos cambiar el otro tambi\u00e9n. Aparte de los temas directamente vinculados con el cuerpo, la DMT ayuda a desarrollar la estabilidad emocional, mejorar la calidad de vida, regular el estado de \u00e1nimo, atravesar situaciones de estr\u00e9s, y mucho m\u00e1s. Yo utilizo la DMT c\u00f3mo un m\u00e9todo separado, pero tambi\u00e9n utilizo t\u00e9cnicas separadas en el proceso de consulta psicol\u00f3gica m\u00e1s tradicional.<\/p>\n<div style=\"text-align: right;\"><\/div>\n<div><\/div>\n<div>\n<h2><span style=\"color: #33cccc;\">Desarrollo creativo<\/span><img loading=\"lazy\" decoding=\"async\" class=\"size-medium wp-image-478 alignright\" src=\"https:\/\/psychology-barcelona.com\/wp-content\/uploads\/2013\/11\/heart-762564_1920-300x200.jpg\" alt=\"heart-762564_1920\" width=\"300\" height=\"200\" srcset=\"https:\/\/psychology-barcelona.com\/wp-content\/uploads\/2013\/11\/heart-762564_1920-300x200.jpg 300w, https:\/\/psychology-barcelona.com\/wp-content\/uploads\/2013\/11\/heart-762564_1920-768x512.jpg 768w, https:\/\/psychology-barcelona.com\/wp-content\/uploads\/2013\/11\/heart-762564_1920-1024x683.jpg 1024w, https:\/\/psychology-barcelona.com\/wp-content\/uploads\/2013\/11\/heart-762564_1920.jpg 1920w\" sizes=\"auto, (max-width: 300px) 100vw, 300px\" \/><\/h2>\n<p style=\"text-align: justify;\">Durante la \u00e9poca preescolar las tareas m\u00e1s importantes para un ni\u00f1o son el juego y la creatividad. Jugando, pintando y construyendo un ni\u00f1o o ni\u00f1a en realidad aprende a pensar, regularizar y organizar sus acciones, digerir sus emociones. En mis clases utilizo la pintura, la plastilina, el movimiento expresivo y otros modos creativos ayudando a mi peque\u00f1o cliente a prepararse para la nueva etapa vital: la escuela y la actividad cognoscitiva. Es de la etapa preescolar que, en gran parte, depende el resto de desarrollo.<\/p>\n<h2 style=\"text-align: center;\"><\/h2>\n<h2 style=\"text-align: center;\"><span style=\"color: #33cccc;\">Danza<\/span><\/h2>\n<p style=\"text-align: justify;\">La danza tiene un papel muy importante en mi vida. Hace m\u00e1s de 15 a\u00f1os que practico Contact Improvisaci\u00f3n y 5 ritmos, probando durante \u00e9pocas otros estilos. La danza me ayuda a sentirme viva, llena de energ\u00eda, disfrutar de mi cuerpo y aprender a comunicar con lo dem\u00e1s. Gracias a la danza puedo cambiar en mi lo que no se cambia con la palabra.<\/p>\n<p style=\"text-align: center;\"><img loading=\"lazy\" decoding=\"async\" class=\"size-medium wp-image-70 aligncenter\" src=\"https:\/\/psychology-barcelona.com\/wp-content\/uploads\/2013\/11\/IMG_2755-e1384332138935-205x300.jpg\" alt=\"IMG_2755\" width=\"205\" height=\"300\" srcset=\"https:\/\/psychology-barcelona.com\/wp-content\/uploads\/2013\/11\/IMG_2755-e1384332138935-205x300.jpg 205w, https:\/\/psychology-barcelona.com\/wp-content\/uploads\/2013\/11\/IMG_2755-e1384332138935.jpg 405w\" sizes=\"auto, (max-width: 205px) 100vw, 205px\" \/><\/p>\n<\/div>\n<p style=\"text-align: center;\">\n<p><\/p>","protected":false},"excerpt":{"rendered":"<p class=\"excerpt\">Formaci\u00f3n Me form\u00e9 como psic\u00f3loga cl\u00ednica en la Universidad Estatal de Mosc\u00fa. Me titul\u00e9 en \u201cConsulta psicol\u00f3gica: an\u00e1lisis existencial\u201d, tengo un certificado de la asociaci\u00f3n austriaca GLE-international. Hice un postgrado en Trabajo de Grupo en el Instituto de la Psicolog\u00eda Pr\u00e1ctica. Tengo un Master en Danza Movimiento Terapia de la UAB y el certificado de&#8230; <a class=\"moretag\" href=\"https:\/\/psychology-barcelona.com\/es\/about\/\"> <strong>Read More<\/strong><\/a><\/p>\n","protected":false},"author":1,"featured_media":0,"parent":0,"menu_order":0,"comment_status":"closed","ping_status":"closed","template":"","meta":{"footnotes":""},"class_list":["post-27","page","type-page","status-publish","hentry"],"yoast_head":"<!-- This site is optimized with the Yoast SEO plugin v27.4 - https:\/\/yoast.com\/product\/yoast-seo-wordpress\/ -->\n<title>Sobre mi - Psic\u00f3loga en Barcelona<\/title>\n<meta name=\"robots\" content=\"index, follow, max-snippet:-1, max-image-preview:large, max-video-preview:-1\" \/>\n<link rel=\"canonical\" href=\"https:\/\/psychology-barcelona.com\/about\/\" \/>\n<meta property=\"og:locale\" content=\"es_ES\" \/>\n<meta property=\"og:type\" content=\"article\" \/>\n<meta property=\"og:title\" content=\"Sobre mi - Psic\u00f3loga en Barcelona\" \/>\n<meta property=\"og:description\" content=\"Formaci\u00f3n Me form\u00e9 como psic\u00f3loga cl\u00ednica en la Universidad Estatal de Mosc\u00fa. Me titul\u00e9 en \u201cConsulta psicol\u00f3gica: an\u00e1lisis existencial\u201d, tengo un certificado de la asociaci\u00f3n austriaca GLE-international. Hice un postgrado en Trabajo de Grupo en el Instituto de la Psicolog\u00eda Pr\u00e1ctica. Tengo un Master en Danza Movimiento Terapia de la UAB y el certificado de... Read More\" \/>\n<meta property=\"og:url\" content=\"https:\/\/psychology-barcelona.com\/about\/\" \/>\n<meta property=\"og:site_name\" content=\"Psic\u00f3loga en Barcelona\" \/>\n<meta property=\"article:modified_time\" content=\"2020-02-12T15:11:53+00:00\" \/>\n<meta property=\"og:image\" content=\"https:\/\/psychology-barcelona.com\/wp-content\/uploads\/2013\/11\/DSC9713-Editar-300x200.jpg\" \/>\n<meta name=\"twitter:card\" content=\"summary_large_image\" \/>\n<meta name=\"twitter:label1\" content=\"Tiempo de lectura\" \/>\n\t<meta name=\"twitter:data1\" content=\"7 minutos\" \/>\n<script type=\"application\/ld+json\" class=\"yoast-schema-graph\">{\"@context\":\"https:\\\/\\\/schema.org\",\"@graph\":[{\"@type\":\"WebPage\",\"@id\":\"https:\\\/\\\/psychology-barcelona.com\\\/about\\\/\",\"url\":\"https:\\\/\\\/psychology-barcelona.com\\\/about\\\/\",\"name\":\"Sobre mi - Psic\u00f3loga en Barcelona\",\"isPartOf\":{\"@id\":\"https:\\\/\\\/psychology-barcelona.com\\\/#website\"},\"primaryImageOfPage\":{\"@id\":\"https:\\\/\\\/psychology-barcelona.com\\\/about\\\/#primaryimage\"},\"image\":{\"@id\":\"https:\\\/\\\/psychology-barcelona.com\\\/about\\\/#primaryimage\"},\"thumbnailUrl\":\"https:\\\/\\\/psychology-barcelona.com\\\/wp-content\\\/uploads\\\/2013\\\/11\\\/DSC9713-Editar-300x200.jpg\",\"datePublished\":\"2013-11-13T08:43:30+00:00\",\"dateModified\":\"2020-02-12T15:11:53+00:00\",\"breadcrumb\":{\"@id\":\"https:\\\/\\\/psychology-barcelona.com\\\/about\\\/#breadcrumb\"},\"inLanguage\":\"es\",\"potentialAction\":[{\"@type\":\"ReadAction\",\"target\":[\"https:\\\/\\\/psychology-barcelona.com\\\/about\\\/\"]}]},{\"@type\":\"ImageObject\",\"inLanguage\":\"es\",\"@id\":\"https:\\\/\\\/psychology-barcelona.com\\\/about\\\/#primaryimage\",\"url\":\"https:\\\/\\\/psychology-barcelona.com\\\/wp-content\\\/uploads\\\/2013\\\/11\\\/DSC9713-Editar-300x200.jpg\",\"contentUrl\":\"https:\\\/\\\/psychology-barcelona.com\\\/wp-content\\\/uploads\\\/2013\\\/11\\\/DSC9713-Editar-300x200.jpg\"},{\"@type\":\"BreadcrumbList\",\"@id\":\"https:\\\/\\\/psychology-barcelona.com\\\/about\\\/#breadcrumb\",\"itemListElement\":[{\"@type\":\"ListItem\",\"position\":1,\"name\":\"Home\",\"item\":\"https:\\\/\\\/psychology-barcelona.com\\\/\"},{\"@type\":\"ListItem\",\"position\":2,\"name\":\"\u041e\u0431\u043e \u043c\u043d\u0435\"}]},{\"@type\":\"WebSite\",\"@id\":\"https:\\\/\\\/psychology-barcelona.com\\\/#website\",\"url\":\"https:\\\/\\\/psychology-barcelona.com\\\/\",\"name\":\"Psic\u00f3loga en Barcelona\",\"description\":\"Lisa Filippova\",\"potentialAction\":[{\"@type\":\"SearchAction\",\"target\":{\"@type\":\"EntryPoint\",\"urlTemplate\":\"https:\\\/\\\/psychology-barcelona.com\\\/?s={search_term_string}\"},\"query-input\":{\"@type\":\"PropertyValueSpecification\",\"valueRequired\":true,\"valueName\":\"search_term_string\"}}],\"inLanguage\":\"es\"}]}<\/script>\n<!-- \/ Yoast SEO plugin. -->","yoast_head_json":{"title":"Sobre mi - Psic\u00f3loga en Barcelona","robots":{"index":"index","follow":"follow","max-snippet":"max-snippet:-1","max-image-preview":"max-image-preview:large","max-video-preview":"max-video-preview:-1"},"canonical":"https:\/\/psychology-barcelona.com\/about\/","og_locale":"es_ES","og_type":"article","og_title":"Sobre mi - Psic\u00f3loga en Barcelona","og_description":"Formaci\u00f3n Me form\u00e9 como psic\u00f3loga cl\u00ednica en la Universidad Estatal de Mosc\u00fa. Me titul\u00e9 en \u201cConsulta psicol\u00f3gica: an\u00e1lisis existencial\u201d, tengo un certificado de la asociaci\u00f3n austriaca GLE-international. Hice un postgrado en Trabajo de Grupo en el Instituto de la Psicolog\u00eda Pr\u00e1ctica. Tengo un Master en Danza Movimiento Terapia de la UAB y el certificado de... Read More","og_url":"https:\/\/psychology-barcelona.com\/about\/","og_site_name":"Psic\u00f3loga en Barcelona","article_modified_time":"2020-02-12T15:11:53+00:00","og_image":[{"url":"https:\/\/psychology-barcelona.com\/wp-content\/uploads\/2013\/11\/DSC9713-Editar-300x200.jpg","type":"","width":"","height":""}],"twitter_card":"summary_large_image","twitter_misc":{"Tiempo de lectura":"7 minutos"},"schema":{"@context":"https:\/\/schema.org","@graph":[{"@type":"WebPage","@id":"https:\/\/psychology-barcelona.com\/about\/","url":"https:\/\/psychology-barcelona.com\/about\/","name":"Sobre mi - Psic\u00f3loga en Barcelona","isPartOf":{"@id":"https:\/\/psychology-barcelona.com\/#website"},"primaryImageOfPage":{"@id":"https:\/\/psychology-barcelona.com\/about\/#primaryimage"},"image":{"@id":"https:\/\/psychology-barcelona.com\/about\/#primaryimage"},"thumbnailUrl":"https:\/\/psychology-barcelona.com\/wp-content\/uploads\/2013\/11\/DSC9713-Editar-300x200.jpg","datePublished":"2013-11-13T08:43:30+00:00","dateModified":"2020-02-12T15:11:53+00:00","breadcrumb":{"@id":"https:\/\/psychology-barcelona.com\/about\/#breadcrumb"},"inLanguage":"es","potentialAction":[{"@type":"ReadAction","target":["https:\/\/psychology-barcelona.com\/about\/"]}]},{"@type":"ImageObject","inLanguage":"es","@id":"https:\/\/psychology-barcelona.com\/about\/#primaryimage","url":"https:\/\/psychology-barcelona.com\/wp-content\/uploads\/2013\/11\/DSC9713-Editar-300x200.jpg","contentUrl":"https:\/\/psychology-barcelona.com\/wp-content\/uploads\/2013\/11\/DSC9713-Editar-300x200.jpg"},{"@type":"BreadcrumbList","@id":"https:\/\/psychology-barcelona.com\/about\/#breadcrumb","itemListElement":[{"@type":"ListItem","position":1,"name":"Home","item":"https:\/\/psychology-barcelona.com\/"},{"@type":"ListItem","position":2,"name":"\u041e\u0431\u043e \u043c\u043d\u0435"}]},{"@type":"WebSite","@id":"https:\/\/psychology-barcelona.com\/#website","url":"https:\/\/psychology-barcelona.com\/","name":"Psic\u00f3loga en Barcelona","description":"Lisa Filippova","potentialAction":[{"@type":"SearchAction","target":{"@type":"EntryPoint","urlTemplate":"https:\/\/psychology-barcelona.com\/?s={search_term_string}"},"query-input":{"@type":"PropertyValueSpecification","valueRequired":true,"valueName":"search_term_string"}}],"inLanguage":"es"}]}},"_links":{"self":[{"href":"https:\/\/psychology-barcelona.com\/es\/wp-json\/wp\/v2\/pages\/27","targetHints":{"allow":["GET"]}}],"collection":[{"href":"https:\/\/psychology-barcelona.com\/es\/wp-json\/wp\/v2\/pages"}],"about":[{"href":"https:\/\/psychology-barcelona.com\/es\/wp-json\/wp\/v2\/types\/page"}],"author":[{"embeddable":true,"href":"https:\/\/psychology-barcelona.com\/es\/wp-json\/wp\/v2\/users\/1"}],"replies":[{"embeddable":true,"href":"https:\/\/psychology-barcelona.com\/es\/wp-json\/wp\/v2\/comments?post=27"}],"version-history":[{"count":38,"href":"https:\/\/psychology-barcelona.com\/es\/wp-json\/wp\/v2\/pages\/27\/revisions"}],"predecessor-version":[{"id":689,"href":"https:\/\/psychology-barcelona.com\/es\/wp-json\/wp\/v2\/pages\/27\/revisions\/689"}],"wp:attachment":[{"href":"https:\/\/psychology-barcelona.com\/es\/wp-json\/wp\/v2\/media?parent=27"}],"curies":[{"name":"wp","href":"https:\/\/api.w.org\/{rel}","templated":true}]}}