{"id":18,"date":"2013-11-05T12:13:12","date_gmt":"2013-11-05T11:13:12","guid":{"rendered":"https:\/\/psychology-barcelona.com\/?page_id=18"},"modified":"2024-03-12T18:18:59","modified_gmt":"2024-03-12T17:18:59","slug":"contact","status":"publish","type":"page","link":"https:\/\/psychology-barcelona.com\/es\/contact\/","title":{"rendered":"Contactos"},"content":{"rendered":"<p><iframe loading=\"lazy\" style=\"border: 0;\" src=\"https:\/\/www.google.com\/maps\/embed?pb=!1m18!1m12!1m3!1d2993.1878344724905!2d2.176999514935017!3d41.3917270036899!2m3!1f0!2f0!3f0!3m2!1i1024!2i768!4f13.1!3m3!1m2!1s0x12a4a2e35ef0fda1%3A0x85e2aaba05616475!2sPasseig+de+Sant+Joan%2C+1%2C+08010+Barcelona!5e0!3m2!1sen!2ses!4v1503478237139\" width=\"400\" height=\"300\" frameborder=\"0\" allowfullscreen=\"allowfullscreen\"><\/iframe><br \/>\nPara apuntarse a una sesi\u00f3n o pedir informaci\u00f3n adicional llamame, escribe un e-mail o utiliza la forma abajo. Voy a contestar lo antes posible.<\/p>\n<address>\n<address>info@psychology-barcelona.com<\/p>\n<div>\n<p>Tel: +34 722257051<\/p>\n<\/div>\n<div style=\"padding-left: 390px;\">\n<div class=\"wpcf7 no-js\" id=\"wpcf7-f196-o2\" lang=\"es-ES\" dir=\"ltr\" data-wpcf7-id=\"196\">\n<div class=\"screen-reader-response\"><p role=\"status\" aria-live=\"polite\" aria-atomic=\"true\"><\/p> <ul><\/ul><\/div>\n<form action=\"\/es\/wp-json\/wp\/v2\/pages\/18#wpcf7-f196-o2\" method=\"post\" class=\"wpcf7-form init\" aria-label=\"Formulario de contacto\" novalidate=\"novalidate\" data-status=\"init\">\n<fieldset class=\"hidden-fields-container\"><input type=\"hidden\" name=\"_wpcf7\" value=\"196\" \/><input type=\"hidden\" name=\"_wpcf7_version\" value=\"6.1.5\" \/><input type=\"hidden\" name=\"_wpcf7_locale\" value=\"es_ES\" \/><input type=\"hidden\" name=\"_wpcf7_unit_tag\" value=\"wpcf7-f196-o2\" \/><input type=\"hidden\" name=\"_wpcf7_container_post\" value=\"0\" \/><input type=\"hidden\" name=\"_wpcf7_posted_data_hash\" value=\"\" \/>\n<\/fieldset>\n<p>Su nombre (requerido)\n<\/p>\n<p><span class=\"wpcf7-form-control-wrap\" data-name=\"your-name\"><input size=\"40\" maxlength=\"400\" class=\"wpcf7-form-control wpcf7-text wpcf7-validates-as-required\" aria-required=\"true\" aria-invalid=\"false\" value=\"\" type=\"text\" name=\"your-name\" \/><\/span>\n<\/p>\n<p>Su e-mail (requerido)\n<\/p>\n<p><span class=\"wpcf7-form-control-wrap\" data-name=\"your-email\"><input size=\"40\" maxlength=\"400\" class=\"wpcf7-form-control wpcf7-email wpcf7-validates-as-required wpcf7-text wpcf7-validates-as-email\" aria-required=\"true\" aria-invalid=\"false\" value=\"\" type=\"email\" name=\"your-email\" \/><\/span>\n<\/p>\n<p>Asunto\n<\/p>\n<p><span class=\"wpcf7-form-control-wrap\" data-name=\"your-subject\"><input size=\"40\" maxlength=\"400\" class=\"wpcf7-form-control wpcf7-text\" aria-invalid=\"false\" value=\"\" type=\"text\" name=\"your-subject\" \/><\/span>\n<\/p>\n<p>Su mensaje\n<\/p>\n<p><span class=\"wpcf7-form-control-wrap\" data-name=\"your-message\"><textarea cols=\"40\" rows=\"10\" maxlength=\"2000\" class=\"wpcf7-form-control wpcf7-textarea\" aria-invalid=\"false\" name=\"your-message\"><\/textarea><\/span>\n<\/p>\n<p><input class=\"wpcf7-form-control wpcf7-submit has-spinner\" type=\"submit\" value=\"Enviar\" \/>\n<\/p><p style=\"display: none !important;\" class=\"akismet-fields-container\" data-prefix=\"_wpcf7_ak_\"><label>&#916;<textarea name=\"_wpcf7_ak_hp_textarea\" cols=\"45\" rows=\"8\" maxlength=\"100\"><\/textarea><\/label><input type=\"hidden\" id=\"ak_js_2\" name=\"_wpcf7_ak_js\" value=\"11\"\/><script>document.getElementById( \"ak_js_2\" ).setAttribute( \"value\", ( new Date() ).getTime() );<\/script><\/p><div class=\"wpcf7-response-output\" aria-hidden=\"true\"><\/div>\n<\/form>\n<\/div>\n<\/div>\n<\/address>\n<\/address>\n<address style=\"padding-left: 30px;\">\u00a0<\/address>\n<p><\/p>","protected":false},"excerpt":{"rendered":"<p class=\"excerpt\">Para apuntarse a una sesi\u00f3n o pedir informaci\u00f3n adicional llamame, escribe un e-mail o utiliza la forma abajo. Voy a contestar lo antes posible. info@psychology-barcelona.com Tel: +34 722257051 \u00a0<\/p>\n","protected":false},"author":1,"featured_media":0,"parent":0,"menu_order":0,"comment_status":"closed","ping_status":"closed","template":"","meta":{"footnotes":""},"class_list":["post-18","page","type-page","status-publish","hentry"],"yoast_head":"<!-- This site is optimized with the Yoast SEO plugin v27.4 - https:\/\/yoast.com\/product\/yoast-seo-wordpress\/ -->\n<title>Contactos - Psic\u00f3loga en Barcelona<\/title>\n<meta name=\"robots\" content=\"index, follow, max-snippet:-1, max-image-preview:large, max-video-preview:-1\" \/>\n<link rel=\"canonical\" href=\"https:\/\/psychology-barcelona.com\/en\/contact\/\" \/>\n<meta property=\"og:locale\" content=\"es_ES\" \/>\n<meta property=\"og:type\" content=\"article\" \/>\n<meta property=\"og:title\" content=\"Contactos - Psic\u00f3loga en Barcelona\" \/>\n<meta property=\"og:description\" content=\"Para apuntarse a una sesi\u00f3n o pedir informaci\u00f3n adicional llamame, escribe un e-mail o utiliza la forma abajo. Voy a contestar lo antes posible. info@psychology-barcelona.com Tel: +34 722257051 \u00a0\" \/>\n<meta property=\"og:url\" content=\"https:\/\/psychology-barcelona.com\/en\/contact\/\" \/>\n<meta property=\"og:site_name\" content=\"Psic\u00f3loga en Barcelona\" \/>\n<meta property=\"article:modified_time\" content=\"2024-03-12T17:18:59+00:00\" \/>\n<meta property=\"og:image\" content=\"http:\/\/www.b17.ru\/img\/b17_88x31_w.png\" \/>\n<meta name=\"twitter:card\" content=\"summary_large_image\" \/>\n<meta name=\"twitter:label1\" content=\"Tiempo de lectura\" \/>\n\t<meta name=\"twitter:data1\" content=\"1 minuto\" \/>\n<script type=\"application\/ld+json\" class=\"yoast-schema-graph\">{\"@context\":\"https:\\\/\\\/schema.org\",\"@graph\":[{\"@type\":\"WebPage\",\"@id\":\"https:\\\/\\\/psychology-barcelona.com\\\/en\\\/contact\\\/\",\"url\":\"https:\\\/\\\/psychology-barcelona.com\\\/en\\\/contact\\\/\",\"name\":\"Contactos - Psic\u00f3loga en Barcelona\",\"isPartOf\":{\"@id\":\"https:\\\/\\\/psychology-barcelona.com\\\/#website\"},\"primaryImageOfPage\":{\"@id\":\"https:\\\/\\\/psychology-barcelona.com\\\/en\\\/contact\\\/#primaryimage\"},\"image\":{\"@id\":\"https:\\\/\\\/psychology-barcelona.com\\\/en\\\/contact\\\/#primaryimage\"},\"thumbnailUrl\":\"http:\\\/\\\/www.b17.ru\\\/img\\\/b17_88x31_w.png\",\"datePublished\":\"2013-11-05T11:13:12+00:00\",\"dateModified\":\"2024-03-12T17:18:59+00:00\",\"breadcrumb\":{\"@id\":\"https:\\\/\\\/psychology-barcelona.com\\\/en\\\/contact\\\/#breadcrumb\"},\"inLanguage\":\"es\",\"potentialAction\":[{\"@type\":\"ReadAction\",\"target\":[\"https:\\\/\\\/psychology-barcelona.com\\\/en\\\/contact\\\/\"]}]},{\"@type\":\"ImageObject\",\"inLanguage\":\"es\",\"@id\":\"https:\\\/\\\/psychology-barcelona.com\\\/en\\\/contact\\\/#primaryimage\",\"url\":\"http:\\\/\\\/www.b17.ru\\\/img\\\/b17_88x31_w.png\",\"contentUrl\":\"http:\\\/\\\/www.b17.ru\\\/img\\\/b17_88x31_w.png\"},{\"@type\":\"BreadcrumbList\",\"@id\":\"https:\\\/\\\/psychology-barcelona.com\\\/en\\\/contact\\\/#breadcrumb\",\"itemListElement\":[{\"@type\":\"ListItem\",\"position\":1,\"name\":\"Home\",\"item\":\"https:\\\/\\\/psychology-barcelona.com\\\/\"},{\"@type\":\"ListItem\",\"position\":2,\"name\":\"Contacts\"}]},{\"@type\":\"WebSite\",\"@id\":\"https:\\\/\\\/psychology-barcelona.com\\\/#website\",\"url\":\"https:\\\/\\\/psychology-barcelona.com\\\/\",\"name\":\"Psic\u00f3loga en Barcelona\",\"description\":\"Lisa Filippova\",\"potentialAction\":[{\"@type\":\"SearchAction\",\"target\":{\"@type\":\"EntryPoint\",\"urlTemplate\":\"https:\\\/\\\/psychology-barcelona.com\\\/?s={search_term_string}\"},\"query-input\":{\"@type\":\"PropertyValueSpecification\",\"valueRequired\":true,\"valueName\":\"search_term_string\"}}],\"inLanguage\":\"es\"}]}<\/script>\n<!-- \/ Yoast SEO plugin. -->","yoast_head_json":{"title":"Contactos - Psic\u00f3loga en Barcelona","robots":{"index":"index","follow":"follow","max-snippet":"max-snippet:-1","max-image-preview":"max-image-preview:large","max-video-preview":"max-video-preview:-1"},"canonical":"https:\/\/psychology-barcelona.com\/en\/contact\/","og_locale":"es_ES","og_type":"article","og_title":"Contactos - Psic\u00f3loga en Barcelona","og_description":"Para apuntarse a una sesi\u00f3n o pedir informaci\u00f3n adicional llamame, escribe un e-mail o utiliza la forma abajo. Voy a contestar lo antes posible. info@psychology-barcelona.com Tel: +34 722257051 \u00a0","og_url":"https:\/\/psychology-barcelona.com\/en\/contact\/","og_site_name":"Psic\u00f3loga en Barcelona","article_modified_time":"2024-03-12T17:18:59+00:00","og_image":[{"url":"http:\/\/www.b17.ru\/img\/b17_88x31_w.png","type":"","width":"","height":""}],"twitter_card":"summary_large_image","twitter_misc":{"Tiempo de lectura":"1 minuto"},"schema":{"@context":"https:\/\/schema.org","@graph":[{"@type":"WebPage","@id":"https:\/\/psychology-barcelona.com\/en\/contact\/","url":"https:\/\/psychology-barcelona.com\/en\/contact\/","name":"Contactos - Psic\u00f3loga en Barcelona","isPartOf":{"@id":"https:\/\/psychology-barcelona.com\/#website"},"primaryImageOfPage":{"@id":"https:\/\/psychology-barcelona.com\/en\/contact\/#primaryimage"},"image":{"@id":"https:\/\/psychology-barcelona.com\/en\/contact\/#primaryimage"},"thumbnailUrl":"http:\/\/www.b17.ru\/img\/b17_88x31_w.png","datePublished":"2013-11-05T11:13:12+00:00","dateModified":"2024-03-12T17:18:59+00:00","breadcrumb":{"@id":"https:\/\/psychology-barcelona.com\/en\/contact\/#breadcrumb"},"inLanguage":"es","potentialAction":[{"@type":"ReadAction","target":["https:\/\/psychology-barcelona.com\/en\/contact\/"]}]},{"@type":"ImageObject","inLanguage":"es","@id":"https:\/\/psychology-barcelona.com\/en\/contact\/#primaryimage","url":"http:\/\/www.b17.ru\/img\/b17_88x31_w.png","contentUrl":"http:\/\/www.b17.ru\/img\/b17_88x31_w.png"},{"@type":"BreadcrumbList","@id":"https:\/\/psychology-barcelona.com\/en\/contact\/#breadcrumb","itemListElement":[{"@type":"ListItem","position":1,"name":"Home","item":"https:\/\/psychology-barcelona.com\/"},{"@type":"ListItem","position":2,"name":"Contacts"}]},{"@type":"WebSite","@id":"https:\/\/psychology-barcelona.com\/#website","url":"https:\/\/psychology-barcelona.com\/","name":"Psic\u00f3loga en Barcelona","description":"Lisa Filippova","potentialAction":[{"@type":"SearchAction","target":{"@type":"EntryPoint","urlTemplate":"https:\/\/psychology-barcelona.com\/?s={search_term_string}"},"query-input":{"@type":"PropertyValueSpecification","valueRequired":true,"valueName":"search_term_string"}}],"inLanguage":"es"}]}},"_links":{"self":[{"href":"https:\/\/psychology-barcelona.com\/es\/wp-json\/wp\/v2\/pages\/18","targetHints":{"allow":["GET"]}}],"collection":[{"href":"https:\/\/psychology-barcelona.com\/es\/wp-json\/wp\/v2\/pages"}],"about":[{"href":"https:\/\/psychology-barcelona.com\/es\/wp-json\/wp\/v2\/types\/page"}],"author":[{"embeddable":true,"href":"https:\/\/psychology-barcelona.com\/es\/wp-json\/wp\/v2\/users\/1"}],"replies":[{"embeddable":true,"href":"https:\/\/psychology-barcelona.com\/es\/wp-json\/wp\/v2\/comments?post=18"}],"version-history":[{"count":41,"href":"https:\/\/psychology-barcelona.com\/es\/wp-json\/wp\/v2\/pages\/18\/revisions"}],"predecessor-version":[{"id":692,"href":"https:\/\/psychology-barcelona.com\/es\/wp-json\/wp\/v2\/pages\/18\/revisions\/692"}],"wp:attachment":[{"href":"https:\/\/psychology-barcelona.com\/es\/wp-json\/wp\/v2\/media?parent=18"}],"curies":[{"name":"wp","href":"https:\/\/api.w.org\/{rel}","templated":true}]}}